{"id":512,"date":"2025-05-20T22:53:38","date_gmt":"2025-05-20T22:53:38","guid":{"rendered":"https:\/\/www.authortinacyr.com\/?page_id=512"},"modified":"2025-05-21T00:16:26","modified_gmt":"2025-05-21T00:16:26","slug":"translations","status":"publish","type":"page","link":"https:\/\/www.authortinacyr.com\/index.php\/translations\/","title":{"rendered":"Translations"},"content":{"rendered":"\n<div class=\"wp-block-columns is-layout-flex wp-container-core-columns-is-layout-28f84493 wp-block-columns-is-layout-flex\">\n<div class=\"wp-block-column is-layout-flow wp-block-column-is-layout-flow\" style=\"flex-basis:33.33%\">\n<figure class=\"wp-block-image size-large\"><a href=\"https:\/\/www.amazon.ca\/dp\/B0F99P1811\" target=\"_blank\" rel=\" noreferrer noopener\"><img loading=\"lazy\" decoding=\"async\" width=\"640\" height=\"1024\" src=\"https:\/\/www.authortinacyr.com\/wp-content\/uploads\/2025\/05\/LoveNotes_Cover_Final-FR-02-640x1024.jpg\" alt=\"\" class=\"wp-image-513\" srcset=\"https:\/\/www.authortinacyr.com\/wp-content\/uploads\/2025\/05\/LoveNotes_Cover_Final-FR-02-640x1024.jpg 640w, https:\/\/www.authortinacyr.com\/wp-content\/uploads\/2025\/05\/LoveNotes_Cover_Final-FR-02-187x300.jpg 187w, https:\/\/www.authortinacyr.com\/wp-content\/uploads\/2025\/05\/LoveNotes_Cover_Final-FR-02-768x1229.jpg 768w, https:\/\/www.authortinacyr.com\/wp-content\/uploads\/2025\/05\/LoveNotes_Cover_Final-FR-02-960x1536.jpg 960w, https:\/\/www.authortinacyr.com\/wp-content\/uploads\/2025\/05\/LoveNotes_Cover_Final-FR-02-1280x2048.jpg 1280w, https:\/\/www.authortinacyr.com\/wp-content\/uploads\/2025\/05\/LoveNotes_Cover_Final-FR-02-scaled.jpg 1600w\" sizes=\"auto, (max-width: 640px) 100vw, 640px\" \/><\/a><\/figure>\n\n\n\n<figure class=\"wp-block-image size-full\"><img loading=\"lazy\" decoding=\"async\" width=\"458\" height=\"125\" src=\"https:\/\/www.authortinacyr.com\/wp-content\/uploads\/2025\/02\/where-to-buy-icon-03.jpg\" alt=\"\" class=\"wp-image-451\" srcset=\"https:\/\/www.authortinacyr.com\/wp-content\/uploads\/2025\/02\/where-to-buy-icon-03.jpg 458w, https:\/\/www.authortinacyr.com\/wp-content\/uploads\/2025\/02\/where-to-buy-icon-03-300x82.jpg 300w\" sizes=\"auto, (max-width: 458px) 100vw, 458px\" \/><\/figure>\n<\/div>\n\n\n\n<div class=\"wp-block-column is-layout-flow wp-block-column-is-layout-flow\" style=\"flex-basis:66.66%\">\n<p><strong><em>Quand une libraire r\u00e9serv\u00e9e rencontre un romancier en difficult\u00e9&#8230;<\/em><\/strong><\/p>\n\n\n\n<p><strong>Mia<\/strong> est l&#8217;\u00e2me et le c\u0153ur d&#8217;une librairie ador\u00e9e dans une petite ville, satisfaite de pr\u00e9server l&#8217;h\u00e9ritage litt\u00e9raire de sa m\u00e8re et de garder ses propres r\u00eaves soigneusement rang\u00e9s.<\/p>\n\n\n\n<p><strong>Oliver Blake <\/strong>est un romancier \u00e0 succ\u00e8s sp\u00e9cialis\u00e9 dans les histoires d&#8217;amour, luttant contre le syndrome de la page blanche et cherchant une nouvelle inspiration \u00e0 Bluewater Cove.<\/p>\n\n\n\n<p>Lorsque Mia d\u00e9couvre les notes priv\u00e9es d&#8217;Oliver remplies d&#8217;observations intimes \u00e0 son sujet, la confiance se brise et la trahison fait mal. Oliver doit prouver que ses intentions sont sinc\u00e8res et que les plus belles histoires d&#8217;amour sont celles que nous osons \u00e9crire nous-m\u00eames.<\/p>\n\n\n\n<p>Vivez le tendre voyage de deux c\u0153urs d\u00e9couvrant que l&#8217;amour peut refleurir, m\u00eame au milieu de la confiance bris\u00e9e et des intentions mal comprises.<\/p>\n\n\n\n<p>Pour les fans de romance douce : Plongez dans une romance de librairie chaleureuse qui fait l&#8217;effet d&#8217;un c\u00e2lin r\u00e9confortant\u2014douce, authentique et \u00e9motionnellement satisfaisante.<\/p>\n<\/div>\n<\/div>\n","protected":false},"excerpt":{"rendered":"<p>Quand une libraire r\u00e9serv\u00e9e rencontre un romancier en difficult\u00e9&#8230; Mia est l&#8217;\u00e2me et le c\u0153ur d&#8217;une librairie ador\u00e9e dans une petite ville, satisfaite de pr\u00e9server l&#8217;h\u00e9ritage litt\u00e9raire de sa m\u00e8re et de garder ses propres r\u00eaves soigneusement rang\u00e9s. Oliver Blake est un romancier \u00e0 succ\u00e8s sp\u00e9cialis\u00e9 dans les histoires d&#8217;amour, [&hellip;]<\/p>\n","protected":false},"author":1,"featured_media":0,"parent":0,"menu_order":0,"comment_status":"closed","ping_status":"closed","template":"","meta":{"_themeisle_gutenberg_block_has_review":false,"footnotes":""},"class_list":["post-512","page","type-page","status-publish","hentry"],"_links":{"self":[{"href":"https:\/\/www.authortinacyr.com\/index.php\/wp-json\/wp\/v2\/pages\/512","targetHints":{"allow":["GET"]}}],"collection":[{"href":"https:\/\/www.authortinacyr.com\/index.php\/wp-json\/wp\/v2\/pages"}],"about":[{"href":"https:\/\/www.authortinacyr.com\/index.php\/wp-json\/wp\/v2\/types\/page"}],"author":[{"embeddable":true,"href":"https:\/\/www.authortinacyr.com\/index.php\/wp-json\/wp\/v2\/users\/1"}],"replies":[{"embeddable":true,"href":"https:\/\/www.authortinacyr.com\/index.php\/wp-json\/wp\/v2\/comments?post=512"}],"version-history":[{"count":2,"href":"https:\/\/www.authortinacyr.com\/index.php\/wp-json\/wp\/v2\/pages\/512\/revisions"}],"predecessor-version":[{"id":530,"href":"https:\/\/www.authortinacyr.com\/index.php\/wp-json\/wp\/v2\/pages\/512\/revisions\/530"}],"wp:attachment":[{"href":"https:\/\/www.authortinacyr.com\/index.php\/wp-json\/wp\/v2\/media?parent=512"}],"curies":[{"name":"wp","href":"https:\/\/api.w.org\/{rel}","templated":true}]}}